{"id":680,"date":"2016-12-22T09:54:10","date_gmt":"2016-12-22T08:54:10","guid":{"rendered":"https:\/\/www.hotelkaufmann.it\/zimmer-buchen\/"},"modified":"2017-05-23T11:15:19","modified_gmt":"2017-05-23T09:15:19","slug":"rooms-and-prices","status":"publish","type":"page","link":"https:\/\/www.hotelkaufmann.it\/en\/rooms-and-prices\/","title":{"rendered":"Rooms and Prices"},"content":{"rendered":"","protected":false},"excerpt":{"rendered":"","protected":false},"author":1,"featured_media":0,"parent":0,"menu_order":11,"comment_status":"closed","ping_status":"closed","template":"template-zimmer.php","meta":{"jetpack_post_was_ever_published":false,"footnotes":""},"class_list":["post-680","page","type-page","status-publish","hentry"],"acf":[],"yoast_head":"<!-- This site is optimized with the Yoast SEO plugin v26.8 - https:\/\/yoast.com\/product\/yoast-seo-wordpress\/ -->\n<title>Zimmer buchen | Das Biohotel Kaufmann erwartet Sie!<\/title>\n<meta name=\"description\" content=\"Wie wir unsere G\u00e4ste verw\u00f6hnen: ger\u00e4umiges Einzel, Doppel und Familien - Zimmer, gro\u00dfe Badezimmer und vieles mehr zum unschlagbaren Preis. Buchen Sie jetzt!\" \/>\n<meta name=\"robots\" content=\"index, follow, max-snippet:-1, max-image-preview:large, max-video-preview:-1\" \/>\n<link rel=\"canonical\" href=\"https:\/\/www.hotelkaufmann.it\/en\/rooms-and-prices\/\" \/>\n<meta property=\"og:locale\" content=\"en_US\" \/>\n<meta property=\"og:type\" content=\"article\" \/>\n<meta property=\"og:title\" content=\"Zimmer buchen | Das Biohotel Kaufmann erwartet Sie!\" \/>\n<meta property=\"og:description\" content=\"Wie wir unsere G\u00e4ste verw\u00f6hnen: ger\u00e4umiges Einzel, Doppel und Familien - Zimmer, gro\u00dfe Badezimmer und vieles mehr zum unschlagbaren Preis. Buchen Sie jetzt!\" \/>\n<meta property=\"og:url\" content=\"https:\/\/www.hotelkaufmann.it\/en\/rooms-and-prices\/\" \/>\n<meta property=\"og:site_name\" content=\"www.hotelkaufmann.it\" \/>\n<meta property=\"article:modified_time\" content=\"2017-05-23T09:15:19+00:00\" \/>\n<meta name=\"twitter:card\" content=\"summary_large_image\" \/>\n<script type=\"application\/ld+json\" class=\"yoast-schema-graph\">{\"@context\":\"https:\/\/schema.org\",\"@graph\":[{\"@type\":\"WebPage\",\"@id\":\"https:\/\/www.hotelkaufmann.it\/en\/rooms-and-prices\/\",\"url\":\"https:\/\/www.hotelkaufmann.it\/en\/rooms-and-prices\/\",\"name\":\"Zimmer buchen | Das Biohotel Kaufmann erwartet Sie!\",\"isPartOf\":{\"@id\":\"https:\/\/www.hotelkaufmann.it\/#website\"},\"datePublished\":\"2016-12-22T08:54:10+00:00\",\"dateModified\":\"2017-05-23T09:15:19+00:00\",\"description\":\"Wie wir unsere G\u00e4ste verw\u00f6hnen: ger\u00e4umiges Einzel, Doppel und Familien - Zimmer, gro\u00dfe Badezimmer und vieles mehr zum unschlagbaren Preis. Buchen Sie jetzt!\",\"breadcrumb\":{\"@id\":\"https:\/\/www.hotelkaufmann.it\/en\/rooms-and-prices\/#breadcrumb\"},\"inLanguage\":\"en-US\",\"potentialAction\":[{\"@type\":\"ReadAction\",\"target\":[\"https:\/\/www.hotelkaufmann.it\/en\/rooms-and-prices\/\"]}]},{\"@type\":\"BreadcrumbList\",\"@id\":\"https:\/\/www.hotelkaufmann.it\/en\/rooms-and-prices\/#breadcrumb\",\"itemListElement\":[{\"@type\":\"ListItem\",\"position\":1,\"name\":\"Home\",\"item\":\"https:\/\/www.hotelkaufmann.it\/en\/\"},{\"@type\":\"ListItem\",\"position\":2,\"name\":\"Rooms and Prices\"}]},{\"@type\":\"WebSite\",\"@id\":\"https:\/\/www.hotelkaufmann.it\/#website\",\"url\":\"https:\/\/www.hotelkaufmann.it\/\",\"name\":\"www.hotelkaufmann.it\",\"description\":\"Just another WordPress site\",\"potentialAction\":[{\"@type\":\"SearchAction\",\"target\":{\"@type\":\"EntryPoint\",\"urlTemplate\":\"https:\/\/www.hotelkaufmann.it\/?s={search_term_string}\"},\"query-input\":{\"@type\":\"PropertyValueSpecification\",\"valueRequired\":true,\"valueName\":\"search_term_string\"}}],\"inLanguage\":\"en-US\"}]}<\/script>\n<!-- \/ Yoast SEO plugin. -->","yoast_head_json":{"title":"Zimmer buchen | Das Biohotel Kaufmann erwartet Sie!","description":"Wie wir unsere G\u00e4ste verw\u00f6hnen: ger\u00e4umiges Einzel, Doppel und Familien - Zimmer, gro\u00dfe Badezimmer und vieles mehr zum unschlagbaren Preis. Buchen Sie jetzt!","robots":{"index":"index","follow":"follow","max-snippet":"max-snippet:-1","max-image-preview":"max-image-preview:large","max-video-preview":"max-video-preview:-1"},"canonical":"https:\/\/www.hotelkaufmann.it\/en\/rooms-and-prices\/","og_locale":"en_US","og_type":"article","og_title":"Zimmer buchen | Das Biohotel Kaufmann erwartet Sie!","og_description":"Wie wir unsere G\u00e4ste verw\u00f6hnen: ger\u00e4umiges Einzel, Doppel und Familien - Zimmer, gro\u00dfe Badezimmer und vieles mehr zum unschlagbaren Preis. Buchen Sie jetzt!","og_url":"https:\/\/www.hotelkaufmann.it\/en\/rooms-and-prices\/","og_site_name":"www.hotelkaufmann.it","article_modified_time":"2017-05-23T09:15:19+00:00","twitter_card":"summary_large_image","schema":{"@context":"https:\/\/schema.org","@graph":[{"@type":"WebPage","@id":"https:\/\/www.hotelkaufmann.it\/en\/rooms-and-prices\/","url":"https:\/\/www.hotelkaufmann.it\/en\/rooms-and-prices\/","name":"Zimmer buchen | Das Biohotel Kaufmann erwartet Sie!","isPartOf":{"@id":"https:\/\/www.hotelkaufmann.it\/#website"},"datePublished":"2016-12-22T08:54:10+00:00","dateModified":"2017-05-23T09:15:19+00:00","description":"Wie wir unsere G\u00e4ste verw\u00f6hnen: ger\u00e4umiges Einzel, Doppel und Familien - Zimmer, gro\u00dfe Badezimmer und vieles mehr zum unschlagbaren Preis. Buchen Sie jetzt!","breadcrumb":{"@id":"https:\/\/www.hotelkaufmann.it\/en\/rooms-and-prices\/#breadcrumb"},"inLanguage":"en-US","potentialAction":[{"@type":"ReadAction","target":["https:\/\/www.hotelkaufmann.it\/en\/rooms-and-prices\/"]}]},{"@type":"BreadcrumbList","@id":"https:\/\/www.hotelkaufmann.it\/en\/rooms-and-prices\/#breadcrumb","itemListElement":[{"@type":"ListItem","position":1,"name":"Home","item":"https:\/\/www.hotelkaufmann.it\/en\/"},{"@type":"ListItem","position":2,"name":"Rooms and Prices"}]},{"@type":"WebSite","@id":"https:\/\/www.hotelkaufmann.it\/#website","url":"https:\/\/www.hotelkaufmann.it\/","name":"www.hotelkaufmann.it","description":"Just another WordPress site","potentialAction":[{"@type":"SearchAction","target":{"@type":"EntryPoint","urlTemplate":"https:\/\/www.hotelkaufmann.it\/?s={search_term_string}"},"query-input":{"@type":"PropertyValueSpecification","valueRequired":true,"valueName":"search_term_string"}}],"inLanguage":"en-US"}]}},"jetpack_sharing_enabled":true,"jetpack_shortlink":"https:\/\/wp.me\/P8fcH2-aY","_links":{"self":[{"href":"https:\/\/www.hotelkaufmann.it\/en\/wp-json\/wp\/v2\/pages\/680","targetHints":{"allow":["GET"]}}],"collection":[{"href":"https:\/\/www.hotelkaufmann.it\/en\/wp-json\/wp\/v2\/pages"}],"about":[{"href":"https:\/\/www.hotelkaufmann.it\/en\/wp-json\/wp\/v2\/types\/page"}],"author":[{"embeddable":true,"href":"https:\/\/www.hotelkaufmann.it\/en\/wp-json\/wp\/v2\/users\/1"}],"replies":[{"embeddable":true,"href":"https:\/\/www.hotelkaufmann.it\/en\/wp-json\/wp\/v2\/comments?post=680"}],"version-history":[{"count":6,"href":"https:\/\/www.hotelkaufmann.it\/en\/wp-json\/wp\/v2\/pages\/680\/revisions"}],"predecessor-version":[{"id":1094,"href":"https:\/\/www.hotelkaufmann.it\/en\/wp-json\/wp\/v2\/pages\/680\/revisions\/1094"}],"wp:attachment":[{"href":"https:\/\/www.hotelkaufmann.it\/en\/wp-json\/wp\/v2\/media?parent=680"}],"curies":[{"name":"wp","href":"https:\/\/api.w.org\/{rel}","templated":true}]}}