{"id":675,"date":"2016-12-22T09:53:47","date_gmt":"2016-12-22T08:53:47","guid":{"rendered":"https:\/\/www.hotelkaufmann.it\/winterurlaub\/"},"modified":"2017-04-03T10:44:32","modified_gmt":"2017-04-03T08:44:32","slug":"active-vacationing-in-the-winter","status":"publish","type":"page","link":"https:\/\/www.hotelkaufmann.it\/en\/active-vacationing-in-the-winter\/","title":{"rendered":"Active vacationing in the winter"},"content":{"rendered":"","protected":false},"excerpt":{"rendered":"","protected":false},"author":1,"featured_media":0,"parent":0,"menu_order":9,"comment_status":"closed","ping_status":"closed","template":"template-aktiv.php","meta":{"jetpack_post_was_ever_published":false,"footnotes":""},"class_list":["post-675","page","type-page","status-publish","hentry"],"acf":[],"yoast_head":"<!-- This site is optimized with the Yoast SEO plugin v26.8 - https:\/\/yoast.com\/product\/yoast-seo-wordpress\/ -->\n<title>Winterurlaub in S\u00fcden S\u00fcdtirols \u2013 Biohotel Kaufmann<\/title>\n<meta name=\"description\" content=\"Winterurlaub im S\u00fcden S\u00fcdtirol mit Skifahren, Eislaufen, Schneewanderungen, Rodeln und vieles mehr! Entdecken Sie das Winterparadies S\u00fcdtirols.\" \/>\n<meta name=\"robots\" content=\"index, follow, max-snippet:-1, max-image-preview:large, max-video-preview:-1\" \/>\n<link rel=\"canonical\" href=\"https:\/\/www.hotelkaufmann.it\/en\/active-vacationing-in-the-winter\/\" \/>\n<meta property=\"og:locale\" content=\"en_US\" \/>\n<meta property=\"og:type\" content=\"article\" \/>\n<meta property=\"og:title\" content=\"Winterurlaub in S\u00fcden S\u00fcdtirols \u2013 Biohotel Kaufmann\" \/>\n<meta property=\"og:description\" content=\"Winterurlaub im S\u00fcden S\u00fcdtirol mit Skifahren, Eislaufen, Schneewanderungen, Rodeln und vieles mehr! Entdecken Sie das Winterparadies S\u00fcdtirols.\" \/>\n<meta property=\"og:url\" content=\"https:\/\/www.hotelkaufmann.it\/en\/active-vacationing-in-the-winter\/\" \/>\n<meta property=\"og:site_name\" content=\"www.hotelkaufmann.it\" \/>\n<meta property=\"article:modified_time\" content=\"2017-04-03T08:44:32+00:00\" \/>\n<meta name=\"twitter:card\" content=\"summary_large_image\" \/>\n<script type=\"application\/ld+json\" class=\"yoast-schema-graph\">{\"@context\":\"https:\/\/schema.org\",\"@graph\":[{\"@type\":\"WebPage\",\"@id\":\"https:\/\/www.hotelkaufmann.it\/en\/active-vacationing-in-the-winter\/\",\"url\":\"https:\/\/www.hotelkaufmann.it\/en\/active-vacationing-in-the-winter\/\",\"name\":\"Winterurlaub in S\u00fcden S\u00fcdtirols \u2013 Biohotel Kaufmann\",\"isPartOf\":{\"@id\":\"https:\/\/www.hotelkaufmann.it\/#website\"},\"datePublished\":\"2016-12-22T08:53:47+00:00\",\"dateModified\":\"2017-04-03T08:44:32+00:00\",\"description\":\"Winterurlaub im S\u00fcden S\u00fcdtirol mit Skifahren, Eislaufen, Schneewanderungen, Rodeln und vieles mehr! Entdecken Sie das Winterparadies S\u00fcdtirols.\",\"breadcrumb\":{\"@id\":\"https:\/\/www.hotelkaufmann.it\/en\/active-vacationing-in-the-winter\/#breadcrumb\"},\"inLanguage\":\"en-US\",\"potentialAction\":[{\"@type\":\"ReadAction\",\"target\":[\"https:\/\/www.hotelkaufmann.it\/en\/active-vacationing-in-the-winter\/\"]}]},{\"@type\":\"BreadcrumbList\",\"@id\":\"https:\/\/www.hotelkaufmann.it\/en\/active-vacationing-in-the-winter\/#breadcrumb\",\"itemListElement\":[{\"@type\":\"ListItem\",\"position\":1,\"name\":\"Home\",\"item\":\"https:\/\/www.hotelkaufmann.it\/en\/\"},{\"@type\":\"ListItem\",\"position\":2,\"name\":\"Active vacationing in the winter\"}]},{\"@type\":\"WebSite\",\"@id\":\"https:\/\/www.hotelkaufmann.it\/#website\",\"url\":\"https:\/\/www.hotelkaufmann.it\/\",\"name\":\"www.hotelkaufmann.it\",\"description\":\"Just another WordPress site\",\"potentialAction\":[{\"@type\":\"SearchAction\",\"target\":{\"@type\":\"EntryPoint\",\"urlTemplate\":\"https:\/\/www.hotelkaufmann.it\/?s={search_term_string}\"},\"query-input\":{\"@type\":\"PropertyValueSpecification\",\"valueRequired\":true,\"valueName\":\"search_term_string\"}}],\"inLanguage\":\"en-US\"}]}<\/script>\n<!-- \/ Yoast SEO plugin. -->","yoast_head_json":{"title":"Winterurlaub in S\u00fcden S\u00fcdtirols \u2013 Biohotel Kaufmann","description":"Winterurlaub im S\u00fcden S\u00fcdtirol mit Skifahren, Eislaufen, Schneewanderungen, Rodeln und vieles mehr! Entdecken Sie das Winterparadies S\u00fcdtirols.","robots":{"index":"index","follow":"follow","max-snippet":"max-snippet:-1","max-image-preview":"max-image-preview:large","max-video-preview":"max-video-preview:-1"},"canonical":"https:\/\/www.hotelkaufmann.it\/en\/active-vacationing-in-the-winter\/","og_locale":"en_US","og_type":"article","og_title":"Winterurlaub in S\u00fcden S\u00fcdtirols \u2013 Biohotel Kaufmann","og_description":"Winterurlaub im S\u00fcden S\u00fcdtirol mit Skifahren, Eislaufen, Schneewanderungen, Rodeln und vieles mehr! Entdecken Sie das Winterparadies S\u00fcdtirols.","og_url":"https:\/\/www.hotelkaufmann.it\/en\/active-vacationing-in-the-winter\/","og_site_name":"www.hotelkaufmann.it","article_modified_time":"2017-04-03T08:44:32+00:00","twitter_card":"summary_large_image","schema":{"@context":"https:\/\/schema.org","@graph":[{"@type":"WebPage","@id":"https:\/\/www.hotelkaufmann.it\/en\/active-vacationing-in-the-winter\/","url":"https:\/\/www.hotelkaufmann.it\/en\/active-vacationing-in-the-winter\/","name":"Winterurlaub in S\u00fcden S\u00fcdtirols \u2013 Biohotel Kaufmann","isPartOf":{"@id":"https:\/\/www.hotelkaufmann.it\/#website"},"datePublished":"2016-12-22T08:53:47+00:00","dateModified":"2017-04-03T08:44:32+00:00","description":"Winterurlaub im S\u00fcden S\u00fcdtirol mit Skifahren, Eislaufen, Schneewanderungen, Rodeln und vieles mehr! Entdecken Sie das Winterparadies S\u00fcdtirols.","breadcrumb":{"@id":"https:\/\/www.hotelkaufmann.it\/en\/active-vacationing-in-the-winter\/#breadcrumb"},"inLanguage":"en-US","potentialAction":[{"@type":"ReadAction","target":["https:\/\/www.hotelkaufmann.it\/en\/active-vacationing-in-the-winter\/"]}]},{"@type":"BreadcrumbList","@id":"https:\/\/www.hotelkaufmann.it\/en\/active-vacationing-in-the-winter\/#breadcrumb","itemListElement":[{"@type":"ListItem","position":1,"name":"Home","item":"https:\/\/www.hotelkaufmann.it\/en\/"},{"@type":"ListItem","position":2,"name":"Active vacationing in the winter"}]},{"@type":"WebSite","@id":"https:\/\/www.hotelkaufmann.it\/#website","url":"https:\/\/www.hotelkaufmann.it\/","name":"www.hotelkaufmann.it","description":"Just another WordPress site","potentialAction":[{"@type":"SearchAction","target":{"@type":"EntryPoint","urlTemplate":"https:\/\/www.hotelkaufmann.it\/?s={search_term_string}"},"query-input":{"@type":"PropertyValueSpecification","valueRequired":true,"valueName":"search_term_string"}}],"inLanguage":"en-US"}]}},"jetpack_sharing_enabled":true,"jetpack_shortlink":"https:\/\/wp.me\/P8fcH2-aT","_links":{"self":[{"href":"https:\/\/www.hotelkaufmann.it\/en\/wp-json\/wp\/v2\/pages\/675","targetHints":{"allow":["GET"]}}],"collection":[{"href":"https:\/\/www.hotelkaufmann.it\/en\/wp-json\/wp\/v2\/pages"}],"about":[{"href":"https:\/\/www.hotelkaufmann.it\/en\/wp-json\/wp\/v2\/types\/page"}],"author":[{"embeddable":true,"href":"https:\/\/www.hotelkaufmann.it\/en\/wp-json\/wp\/v2\/users\/1"}],"replies":[{"embeddable":true,"href":"https:\/\/www.hotelkaufmann.it\/en\/wp-json\/wp\/v2\/comments?post=675"}],"version-history":[{"count":3,"href":"https:\/\/www.hotelkaufmann.it\/en\/wp-json\/wp\/v2\/pages\/675\/revisions"}],"predecessor-version":[{"id":910,"href":"https:\/\/www.hotelkaufmann.it\/en\/wp-json\/wp\/v2\/pages\/675\/revisions\/910"}],"wp:attachment":[{"href":"https:\/\/www.hotelkaufmann.it\/en\/wp-json\/wp\/v2\/media?parent=675"}],"curies":[{"name":"wp","href":"https:\/\/api.w.org\/{rel}","templated":true}]}}