{"id":664,"date":"2016-12-22T11:05:02","date_gmt":"2016-12-22T10:05:02","guid":{"rendered":"https:\/\/www.hotelkaufmann.it\/kontakt-anreise\/"},"modified":"2023-04-09T12:05:23","modified_gmt":"2023-04-09T10:05:23","slug":"contact","status":"publish","type":"page","link":"https:\/\/www.hotelkaufmann.it\/en\/contact\/","title":{"rendered":"Contact"},"content":{"rendered":"<div id=\"Bs-EnquiryWidget\"><\/div>\n<p><script id=\"booking-suedtirol-js\" src=\"https:\/\/widget.bookingsuedtirol.com\/v2\/bundle.js\" defer><\/script><br \/>\n<script>\n    document\n    .querySelector(\"#booking-suedtirol-js\")\n    .addEventListener(\"load\", function() {\n        BookingS\u00fcdtirol.Widgets.Enquiry(\"#Bs-EnquiryWidget\", {\n            accommodationId: 10544,\n            lang: 'en',\n            onEnquirySuccess: function(reservation) {\n                \/\/ Called after successful enquiry\n            }\n        });\n    });\n<\/script><\/p>\n","protected":false},"excerpt":{"rendered":"","protected":false},"author":1,"featured_media":0,"parent":0,"menu_order":4,"comment_status":"closed","ping_status":"closed","template":"template-kontakt.php","meta":{"jetpack_post_was_ever_published":false,"footnotes":""},"class_list":["post-664","page","type-page","status-publish","hentry"],"acf":[],"yoast_head":"<!-- This site is optimized with the Yoast SEO plugin v26.8 - https:\/\/yoast.com\/product\/yoast-seo-wordpress\/ -->\n<title>Kontakt &amp; Informationen \u2013 Biohotel Kaufmann, Auer- S\u00fcden S\u00fcdtirol<\/title>\n<meta name=\"description\" content=\"Kontaktieren Sie uns ganz unverbindlich, wenn Sie Fragen oder genauere Informationen \u00fcber bestimmte Bereiche des Biohotel Kaufmann w\u00fcnschen.\" \/>\n<meta name=\"robots\" content=\"index, follow, max-snippet:-1, max-image-preview:large, max-video-preview:-1\" \/>\n<link rel=\"canonical\" href=\"https:\/\/www.hotelkaufmann.it\/en\/contact\/\" \/>\n<meta property=\"og:locale\" content=\"en_US\" \/>\n<meta property=\"og:type\" content=\"article\" \/>\n<meta property=\"og:title\" content=\"Kontakt &amp; Informationen \u2013 Biohotel Kaufmann, Auer- S\u00fcden S\u00fcdtirol\" \/>\n<meta property=\"og:description\" content=\"Kontaktieren Sie uns ganz unverbindlich, wenn Sie Fragen oder genauere Informationen \u00fcber bestimmte Bereiche des Biohotel Kaufmann w\u00fcnschen.\" \/>\n<meta property=\"og:url\" content=\"https:\/\/www.hotelkaufmann.it\/en\/contact\/\" \/>\n<meta property=\"og:site_name\" content=\"www.hotelkaufmann.it\" \/>\n<meta property=\"article:modified_time\" content=\"2023-04-09T10:05:23+00:00\" \/>\n<meta name=\"twitter:card\" content=\"summary_large_image\" \/>\n<meta name=\"twitter:label1\" content=\"Est. reading time\" \/>\n\t<meta name=\"twitter:data1\" content=\"1 minute\" \/>\n<script type=\"application\/ld+json\" class=\"yoast-schema-graph\">{\"@context\":\"https:\/\/schema.org\",\"@graph\":[{\"@type\":\"WebPage\",\"@id\":\"https:\/\/www.hotelkaufmann.it\/en\/contact\/\",\"url\":\"https:\/\/www.hotelkaufmann.it\/en\/contact\/\",\"name\":\"Kontakt & Informationen \u2013 Biohotel Kaufmann, Auer- S\u00fcden S\u00fcdtirol\",\"isPartOf\":{\"@id\":\"https:\/\/www.hotelkaufmann.it\/#website\"},\"datePublished\":\"2016-12-22T10:05:02+00:00\",\"dateModified\":\"2023-04-09T10:05:23+00:00\",\"description\":\"Kontaktieren Sie uns ganz unverbindlich, wenn Sie Fragen oder genauere Informationen \u00fcber bestimmte Bereiche des Biohotel Kaufmann w\u00fcnschen.\",\"breadcrumb\":{\"@id\":\"https:\/\/www.hotelkaufmann.it\/en\/contact\/#breadcrumb\"},\"inLanguage\":\"en-US\",\"potentialAction\":[{\"@type\":\"ReadAction\",\"target\":[\"https:\/\/www.hotelkaufmann.it\/en\/contact\/\"]}]},{\"@type\":\"BreadcrumbList\",\"@id\":\"https:\/\/www.hotelkaufmann.it\/en\/contact\/#breadcrumb\",\"itemListElement\":[{\"@type\":\"ListItem\",\"position\":1,\"name\":\"Home\",\"item\":\"https:\/\/www.hotelkaufmann.it\/en\/\"},{\"@type\":\"ListItem\",\"position\":2,\"name\":\"Contact\"}]},{\"@type\":\"WebSite\",\"@id\":\"https:\/\/www.hotelkaufmann.it\/#website\",\"url\":\"https:\/\/www.hotelkaufmann.it\/\",\"name\":\"www.hotelkaufmann.it\",\"description\":\"Just another WordPress site\",\"potentialAction\":[{\"@type\":\"SearchAction\",\"target\":{\"@type\":\"EntryPoint\",\"urlTemplate\":\"https:\/\/www.hotelkaufmann.it\/?s={search_term_string}\"},\"query-input\":{\"@type\":\"PropertyValueSpecification\",\"valueRequired\":true,\"valueName\":\"search_term_string\"}}],\"inLanguage\":\"en-US\"}]}<\/script>\n<!-- \/ Yoast SEO plugin. -->","yoast_head_json":{"title":"Kontakt & Informationen \u2013 Biohotel Kaufmann, Auer- S\u00fcden S\u00fcdtirol","description":"Kontaktieren Sie uns ganz unverbindlich, wenn Sie Fragen oder genauere Informationen \u00fcber bestimmte Bereiche des Biohotel Kaufmann w\u00fcnschen.","robots":{"index":"index","follow":"follow","max-snippet":"max-snippet:-1","max-image-preview":"max-image-preview:large","max-video-preview":"max-video-preview:-1"},"canonical":"https:\/\/www.hotelkaufmann.it\/en\/contact\/","og_locale":"en_US","og_type":"article","og_title":"Kontakt & Informationen \u2013 Biohotel Kaufmann, Auer- S\u00fcden S\u00fcdtirol","og_description":"Kontaktieren Sie uns ganz unverbindlich, wenn Sie Fragen oder genauere Informationen \u00fcber bestimmte Bereiche des Biohotel Kaufmann w\u00fcnschen.","og_url":"https:\/\/www.hotelkaufmann.it\/en\/contact\/","og_site_name":"www.hotelkaufmann.it","article_modified_time":"2023-04-09T10:05:23+00:00","twitter_card":"summary_large_image","twitter_misc":{"Est. reading time":"1 minute"},"schema":{"@context":"https:\/\/schema.org","@graph":[{"@type":"WebPage","@id":"https:\/\/www.hotelkaufmann.it\/en\/contact\/","url":"https:\/\/www.hotelkaufmann.it\/en\/contact\/","name":"Kontakt & Informationen \u2013 Biohotel Kaufmann, Auer- S\u00fcden S\u00fcdtirol","isPartOf":{"@id":"https:\/\/www.hotelkaufmann.it\/#website"},"datePublished":"2016-12-22T10:05:02+00:00","dateModified":"2023-04-09T10:05:23+00:00","description":"Kontaktieren Sie uns ganz unverbindlich, wenn Sie Fragen oder genauere Informationen \u00fcber bestimmte Bereiche des Biohotel Kaufmann w\u00fcnschen.","breadcrumb":{"@id":"https:\/\/www.hotelkaufmann.it\/en\/contact\/#breadcrumb"},"inLanguage":"en-US","potentialAction":[{"@type":"ReadAction","target":["https:\/\/www.hotelkaufmann.it\/en\/contact\/"]}]},{"@type":"BreadcrumbList","@id":"https:\/\/www.hotelkaufmann.it\/en\/contact\/#breadcrumb","itemListElement":[{"@type":"ListItem","position":1,"name":"Home","item":"https:\/\/www.hotelkaufmann.it\/en\/"},{"@type":"ListItem","position":2,"name":"Contact"}]},{"@type":"WebSite","@id":"https:\/\/www.hotelkaufmann.it\/#website","url":"https:\/\/www.hotelkaufmann.it\/","name":"www.hotelkaufmann.it","description":"Just another WordPress site","potentialAction":[{"@type":"SearchAction","target":{"@type":"EntryPoint","urlTemplate":"https:\/\/www.hotelkaufmann.it\/?s={search_term_string}"},"query-input":{"@type":"PropertyValueSpecification","valueRequired":true,"valueName":"search_term_string"}}],"inLanguage":"en-US"}]}},"jetpack_sharing_enabled":true,"jetpack_shortlink":"https:\/\/wp.me\/P8fcH2-aI","_links":{"self":[{"href":"https:\/\/www.hotelkaufmann.it\/en\/wp-json\/wp\/v2\/pages\/664","targetHints":{"allow":["GET"]}}],"collection":[{"href":"https:\/\/www.hotelkaufmann.it\/en\/wp-json\/wp\/v2\/pages"}],"about":[{"href":"https:\/\/www.hotelkaufmann.it\/en\/wp-json\/wp\/v2\/types\/page"}],"author":[{"embeddable":true,"href":"https:\/\/www.hotelkaufmann.it\/en\/wp-json\/wp\/v2\/users\/1"}],"replies":[{"embeddable":true,"href":"https:\/\/www.hotelkaufmann.it\/en\/wp-json\/wp\/v2\/comments?post=664"}],"version-history":[{"count":10,"href":"https:\/\/www.hotelkaufmann.it\/en\/wp-json\/wp\/v2\/pages\/664\/revisions"}],"predecessor-version":[{"id":1878,"href":"https:\/\/www.hotelkaufmann.it\/en\/wp-json\/wp\/v2\/pages\/664\/revisions\/1878"}],"wp:attachment":[{"href":"https:\/\/www.hotelkaufmann.it\/en\/wp-json\/wp\/v2\/media?parent=664"}],"curies":[{"name":"wp","href":"https:\/\/api.w.org\/{rel}","templated":true}]}}