{"id":656,"date":"2016-12-20T16:41:29","date_gmt":"2016-12-20T15:41:29","guid":{"rendered":"https:\/\/www.hotelkaufmann.it\/httpwww-kaufmann-it\/"},"modified":"2026-02-06T11:08:12","modified_gmt":"2026-02-06T10:08:12","slug":"bio-hotel-kaufmann-south-tyrol","status":"publish","type":"page","link":"https:\/\/www.hotelkaufmann.it\/en\/","title":{"rendered":"eco-Hotel"},"content":{"rendered":"","protected":false},"excerpt":{"rendered":"","protected":false},"author":1,"featured_media":0,"parent":0,"menu_order":1,"comment_status":"closed","ping_status":"closed","template":"template-home.php","meta":{"jetpack_post_was_ever_published":false,"footnotes":""},"class_list":["post-656","page","type-page","status-publish","hentry"],"acf":[],"yoast_head":"<!-- This site is optimized with the Yoast SEO plugin v26.8 - https:\/\/yoast.com\/product\/yoast-seo-wordpress\/ -->\n<title>Das Biohotel Kaufmann | Genuss mit gutem Gewissen<\/title>\n<meta name=\"description\" content=\"Genussmomente der nat\u00fcrlichen Art erwartet Sie in unserem Hotel in Auer, im S\u00fcden S\u00fcdtirols. Jetzt gesunde &amp; entspannte Tage im Biohotel Kaufmann genie\u00dfen!\" \/>\n<meta name=\"robots\" content=\"index, follow, max-snippet:-1, max-image-preview:large, max-video-preview:-1\" \/>\n<link rel=\"canonical\" href=\"https:\/\/www.hotelkaufmann.it\/en\/\" \/>\n<meta property=\"og:locale\" content=\"en_US\" \/>\n<meta property=\"og:type\" content=\"article\" \/>\n<meta property=\"og:title\" content=\"Das Biohotel Kaufmann | Genuss mit gutem Gewissen\" \/>\n<meta property=\"og:description\" content=\"Genussmomente der nat\u00fcrlichen Art erwartet Sie in unserem Hotel in Auer, im S\u00fcden S\u00fcdtirols. Jetzt gesunde &amp; entspannte Tage im Biohotel Kaufmann genie\u00dfen!\" \/>\n<meta property=\"og:url\" content=\"https:\/\/www.hotelkaufmann.it\/en\/\" \/>\n<meta property=\"og:site_name\" content=\"www.hotelkaufmann.it\" \/>\n<meta property=\"article:modified_time\" content=\"2026-02-06T10:08:12+00:00\" \/>\n<meta name=\"twitter:card\" content=\"summary_large_image\" \/>\n<script type=\"application\/ld+json\" class=\"yoast-schema-graph\">{\"@context\":\"https:\/\/schema.org\",\"@graph\":[{\"@type\":\"WebPage\",\"@id\":\"https:\/\/www.hotelkaufmann.it\/en\/\",\"url\":\"https:\/\/www.hotelkaufmann.it\/en\/\",\"name\":\"Das Biohotel Kaufmann | Genuss mit gutem Gewissen\",\"isPartOf\":{\"@id\":\"https:\/\/www.hotelkaufmann.it\/#website\"},\"datePublished\":\"2016-12-20T15:41:29+00:00\",\"dateModified\":\"2026-02-06T10:08:12+00:00\",\"description\":\"Genussmomente der nat\u00fcrlichen Art erwartet Sie in unserem Hotel in Auer, im S\u00fcden S\u00fcdtirols. Jetzt gesunde & entspannte Tage im Biohotel Kaufmann genie\u00dfen!\",\"breadcrumb\":{\"@id\":\"https:\/\/www.hotelkaufmann.it\/en\/#breadcrumb\"},\"inLanguage\":\"en-US\",\"potentialAction\":[{\"@type\":\"ReadAction\",\"target\":[\"https:\/\/www.hotelkaufmann.it\/en\/\"]}]},{\"@type\":\"BreadcrumbList\",\"@id\":\"https:\/\/www.hotelkaufmann.it\/en\/#breadcrumb\",\"itemListElement\":[{\"@type\":\"ListItem\",\"position\":1,\"name\":\"Home\",\"item\":\"https:\/\/www.hotelkaufmann.it\/en\/\"},{\"@type\":\"ListItem\",\"position\":2,\"name\":\"eco-Hotel\"}]},{\"@type\":\"WebSite\",\"@id\":\"https:\/\/www.hotelkaufmann.it\/#website\",\"url\":\"https:\/\/www.hotelkaufmann.it\/\",\"name\":\"www.hotelkaufmann.it\",\"description\":\"Just another WordPress site\",\"potentialAction\":[{\"@type\":\"SearchAction\",\"target\":{\"@type\":\"EntryPoint\",\"urlTemplate\":\"https:\/\/www.hotelkaufmann.it\/?s={search_term_string}\"},\"query-input\":{\"@type\":\"PropertyValueSpecification\",\"valueRequired\":true,\"valueName\":\"search_term_string\"}}],\"inLanguage\":\"en-US\"}]}<\/script>\n<!-- \/ Yoast SEO plugin. -->","yoast_head_json":{"title":"Das Biohotel Kaufmann | Genuss mit gutem Gewissen","description":"Genussmomente der nat\u00fcrlichen Art erwartet Sie in unserem Hotel in Auer, im S\u00fcden S\u00fcdtirols. Jetzt gesunde & entspannte Tage im Biohotel Kaufmann genie\u00dfen!","robots":{"index":"index","follow":"follow","max-snippet":"max-snippet:-1","max-image-preview":"max-image-preview:large","max-video-preview":"max-video-preview:-1"},"canonical":"https:\/\/www.hotelkaufmann.it\/en\/","og_locale":"en_US","og_type":"article","og_title":"Das Biohotel Kaufmann | Genuss mit gutem Gewissen","og_description":"Genussmomente der nat\u00fcrlichen Art erwartet Sie in unserem Hotel in Auer, im S\u00fcden S\u00fcdtirols. Jetzt gesunde & entspannte Tage im Biohotel Kaufmann genie\u00dfen!","og_url":"https:\/\/www.hotelkaufmann.it\/en\/","og_site_name":"www.hotelkaufmann.it","article_modified_time":"2026-02-06T10:08:12+00:00","twitter_card":"summary_large_image","schema":{"@context":"https:\/\/schema.org","@graph":[{"@type":"WebPage","@id":"https:\/\/www.hotelkaufmann.it\/en\/","url":"https:\/\/www.hotelkaufmann.it\/en\/","name":"Das Biohotel Kaufmann | Genuss mit gutem Gewissen","isPartOf":{"@id":"https:\/\/www.hotelkaufmann.it\/#website"},"datePublished":"2016-12-20T15:41:29+00:00","dateModified":"2026-02-06T10:08:12+00:00","description":"Genussmomente der nat\u00fcrlichen Art erwartet Sie in unserem Hotel in Auer, im S\u00fcden S\u00fcdtirols. Jetzt gesunde & entspannte Tage im Biohotel Kaufmann genie\u00dfen!","breadcrumb":{"@id":"https:\/\/www.hotelkaufmann.it\/en\/#breadcrumb"},"inLanguage":"en-US","potentialAction":[{"@type":"ReadAction","target":["https:\/\/www.hotelkaufmann.it\/en\/"]}]},{"@type":"BreadcrumbList","@id":"https:\/\/www.hotelkaufmann.it\/en\/#breadcrumb","itemListElement":[{"@type":"ListItem","position":1,"name":"Home","item":"https:\/\/www.hotelkaufmann.it\/en\/"},{"@type":"ListItem","position":2,"name":"eco-Hotel"}]},{"@type":"WebSite","@id":"https:\/\/www.hotelkaufmann.it\/#website","url":"https:\/\/www.hotelkaufmann.it\/","name":"www.hotelkaufmann.it","description":"Just another WordPress site","potentialAction":[{"@type":"SearchAction","target":{"@type":"EntryPoint","urlTemplate":"https:\/\/www.hotelkaufmann.it\/?s={search_term_string}"},"query-input":{"@type":"PropertyValueSpecification","valueRequired":true,"valueName":"search_term_string"}}],"inLanguage":"en-US"}]}},"jetpack_sharing_enabled":true,"jetpack_shortlink":"https:\/\/wp.me\/P8fcH2-aA","_links":{"self":[{"href":"https:\/\/www.hotelkaufmann.it\/en\/wp-json\/wp\/v2\/pages\/656","targetHints":{"allow":["GET"]}}],"collection":[{"href":"https:\/\/www.hotelkaufmann.it\/en\/wp-json\/wp\/v2\/pages"}],"about":[{"href":"https:\/\/www.hotelkaufmann.it\/en\/wp-json\/wp\/v2\/types\/page"}],"author":[{"embeddable":true,"href":"https:\/\/www.hotelkaufmann.it\/en\/wp-json\/wp\/v2\/users\/1"}],"replies":[{"embeddable":true,"href":"https:\/\/www.hotelkaufmann.it\/en\/wp-json\/wp\/v2\/comments?post=656"}],"version-history":[{"count":10,"href":"https:\/\/www.hotelkaufmann.it\/en\/wp-json\/wp\/v2\/pages\/656\/revisions"}],"predecessor-version":[{"id":2149,"href":"https:\/\/www.hotelkaufmann.it\/en\/wp-json\/wp\/v2\/pages\/656\/revisions\/2149"}],"wp:attachment":[{"href":"https:\/\/www.hotelkaufmann.it\/en\/wp-json\/wp\/v2\/media?parent=656"}],"curies":[{"name":"wp","href":"https:\/\/api.w.org\/{rel}","templated":true}]}}